{"id":3104,"date":"2021-04-14T19:01:18","date_gmt":"2021-04-14T19:01:18","guid":{"rendered":"https:\/\/kudumija.hr\/?page_id=3104"},"modified":"2021-04-14T19:02:42","modified_gmt":"2021-04-14T19:02:42","slug":"nutzungsbedingungen","status":"publish","type":"page","link":"https:\/\/kudumija.hr\/de\/nutzungsbedingungen\/","title":{"rendered":"NUTZUNGSBEDINGUNGEN"},"content":{"rendered":"<p>[et_pb_section fb_built=&#8220;1&#8243; _builder_version=&#8220;4.6.1&#8243; _module_preset=&#8220;default&#8220; background_color=&#8220;rgba(0,0,0,0.41)&#8220; background_image=&#8220;https:\/\/kudumija.hr\/wp-content\/uploads\/2020\/09\/overlay_news.jpg&#8220; background_blend=&#8220;multiply&#8220; vertical_offset=&#8220;-100px&#8220; custom_padding=&#8220;0px||0px||false|false&#8220;][et_pb_row _builder_version=&#8220;4.5.8&#8243; _module_preset=&#8220;default&#8220; max_width=&#8220;2560px&#8220; custom_margin=&#8220;-70px|auto||auto|false|false&#8220; custom_padding=&#8220;0px||20px||false|false&#8220;][et_pb_column type=&#8220;4_4&#8243; _builder_version=&#8220;4.5.8&#8243; _module_preset=&#8220;default&#8220;][et_pb_divider show_divider=&#8220;off&#8220; _builder_version=&#8220;4.6.1&#8243; _module_preset=&#8220;default&#8220; height=&#8220;350px&#8220; height_tablet=&#8220;450px&#8220; height_phone=&#8220;450px&#8220; height_last_edited=&#8220;on|phone&#8220;][\/et_pb_divider][et_pb_text _builder_version=&#8220;4.6.1&#8243; _module_preset=&#8220;default&#8220; text_font=&#8220;Raleway||||||||&#8220; text_text_color=&#8220;#354650&#8243; text_font_size=&#8220;1.1vw&#8220; text_letter_spacing=&#8220;1px&#8220; text_line_height=&#8220;2.2em&#8220; header_2_font=&#8220;Raleway|800|||||||&#8220; header_2_text_color=&#8220;#354650&#8243; header_2_font_size=&#8220;2.7vw&#8220; header_2_line_height=&#8220;1.5em&#8220; custom_margin=&#8220;||||false|false&#8220; custom_padding=&#8220;||||false|false&#8220; hover_transition_duration=&#8220;100ms&#8220; hover_transition_speed_curve=&#8220;linear&#8220; hover_enabled=&#8220;0&#8243; text_font_size_tablet=&#8220;3vw&#8220; text_font_size_phone=&#8220;4.5vw&#8220; text_font_size_last_edited=&#8220;on|phone&#8220; header_2_font_size_tablet=&#8220;6.7vw&#8220; header_2_font_size_phone=&#8220;8.6vw&#8220; header_2_font_size_last_edited=&#8220;on|phone&#8220; header_2_line_height_tablet=&#8220;&#8220; header_2_line_height_phone=&#8220;1.5em&#8220; header_2_line_height_last_edited=&#8220;on|phone&#8220; locked=&#8220;off&#8220; custom_padding__hover_enabled=&#8220;on|hover&#8220; custom_padding__hover=&#8220;||||false|false&#8220; custom_margin__hover_enabled=&#8220;on|hover&#8220; custom_margin__hover=&#8220;||||false|false&#8220; sticky_enabled=&#8220;0&#8243;]<\/p>\n<p style=\"text-align: left;\"><span style=\"color: #ffffff;\"><span color=\"#d3423d\" style=\"color: #d3423d;\">www.kudumija.hr<\/span><\/span><\/p>\n<h2 style=\"text-align: left;\"><span style=\"color: #ffffff;\">NUTZUNGSBEDINGUNGEN<\/span><\/h2>\n<p>[\/et_pb_text][\/et_pb_column][\/et_pb_row][et_pb_row _builder_version=&#8220;4.6.1&#8243; _module_preset=&#8220;default&#8220;][et_pb_column type=&#8220;4_4&#8243; _builder_version=&#8220;4.6.1&#8243; _module_preset=&#8220;default&#8220;][et_pb_divider show_divider=&#8220;off&#8220; disabled_on=&#8220;on|on|off&#8220; _builder_version=&#8220;4.6.1&#8243; _module_preset=&#8220;default&#8220; height=&#8220;50px&#8220;][\/et_pb_divider][\/et_pb_column][\/et_pb_row][\/et_pb_section][et_pb_section fb_built=&#8220;1&#8243; _builder_version=&#8220;4.6.1&#8243; _module_preset=&#8220;default&#8220; custom_padding=&#8220;0px||2px|||&#8220;][et_pb_row _builder_version=&#8220;4.6.1&#8243; _module_preset=&#8220;default&#8220; max_width=&#8220;2560px&#8220; custom_padding=&#8220;75px||73px||false|false&#8220;][et_pb_column type=&#8220;4_4&#8243; _builder_version=&#8220;4.6.1&#8243; _module_preset=&#8220;default&#8220;][et_pb_text _builder_version=&#8220;4.6.1&#8243; _module_preset=&#8220;default&#8220; text_font=&#8220;Raleway||||||||&#8220; text_text_color=&#8220;#354650&#8243; text_font_size=&#8220;1vw&#8220; text_line_height=&#8220;1.8em&#8220; link_text_color=&#8220;#d3423d&#8220; custom_margin=&#8220;||-2px|||&#8220; custom_padding=&#8220;||37px||false|false&#8220; hover_enabled=&#8220;0&#8243; text_font_size_tablet=&#8220;2.5vw&#8220; text_font_size_phone=&#8220;4.1vw&#8220; text_font_size_last_edited=&#8220;on|phone&#8220; sticky_enabled=&#8220;0&#8243;]<\/p>\n<p>Die Nutzungsbedingungen gelten f\u00fcr alle Inhalte und Dienstleistungen auf dieser Webseite. Durch Nutzung jeglichen Teils oder aller Teile dieser Webseite wird davon ausgegangen, dass die Nutzer mit diesen Bedingungen sowie allen im Zusammenhang mit der Nutzung dieser Webseite stehenden Risiken vertraut und mit der Nutzung des Inhalts dieser Webseite ausschlie\u00dflich zu pers\u00f6nlichen Zwecken und auf eigene Verantwortung einverstanden sind.<\/p>\n<p>Die auf dieser Seite ver\u00f6ffentlichten Dokumente, Daten und Informationen d\u00fcrfen ohne ausdr\u00fcckliche Einwilligung des Inhabers dieser Webseite weder reproduziert, vertrieben oder in irgendeiner Weise zu kommerziellen Zwecken genutzt noch in irgendeiner Weise, die dieser Partei oder Dritten Sch\u00e4den zuf\u00fcgen k\u00f6nnte, verwendet werden.<\/p>\n<p>Ohne vorherige ausdr\u00fcckliche schriftliche Einwilligung des Inhabers dieser Webseite oder anderen Inhabern von Urheberrechten sind \u00f6ffentliche Vorf\u00fchrung, Ver\u00f6ffentlichung, \u00dcbertragung, \u00c4nderung, Wiedergabe, Teilnahme an \u00dcbertragung oder Verkauf, Vertrieb, Erstellung von Kopien, Versendung oder jegliche andere Art der teilweisen oder vollst\u00e4ndigen Nutzung von Inhalten dieser Webseite sowie Auswahl und Anpassung ihres Inhalts verboten.<\/p>\n<p>Unerlaubte Nutzung jeglichen Teils der Webseite ohne Einwilligung des Inhabers von Urheberrechten gilt als Verletzung der Urheberrechte des Inhabers dieser Webseite und kann Gegenstand einer Klage sein.<\/p>\n<p>Wir bem\u00fchen uns, die Glaubw\u00fcrdigkeit und Aktualit\u00e4t der Daten auf dieser Webseite zu gew\u00e4hrleisten, allerdings haften wir keinerlei f\u00fcr etwaige Fehler und Unterlassungen in Bezug auf die Nutzung von Daten und Inhalten auf dieser Webseite oder etwaige Sch\u00e4den, die infolge von den vorstehend aufgef\u00fchrten Fehlern und Unterlassungen entstanden sind.<\/p>\n<p>Durch Nutzung von Inhalten dieser Webseite \u00fcbernimmt der Nutzer alle Risiken, die sich aus der Nutzung dieser Webseite ergeben, und erkl\u00e4rt sich mit der Nutzung des Inhalts dieser Webseite ausschlie\u00dflich zu pers\u00f6nlichen Zwecken und auf eigene Verantwortung einverstanden. Wir werden versuchen, diese Webseite vor Computerviren und sonstige Schadsoftwares zu sch\u00fctzen, allerdings haften wir nicht f\u00fcr deren hundertprozentige Abwesenheit. Diesbez\u00fcglich weisen wir die Nutzer dieser Webseite darauf hin, die erforderlichen Schutzma\u00dfnahmen zu treffen (z. B. durch Nutzung von eigenen Antivirenprogrammen).<\/p>\n<p>Beim Besuch dieser Webseite erheben wir keinerlei personenbezogene Daten, wie Name, Adresse, Telefonnummer oder E-Mail Adresse.<\/p>\n<p>Mehr zum Datenschutz finden Sie unter Datenschutzpolitik.<\/p>\n<p>Durch Nutzung der Inhalte dieser Webseite erkl\u00e4rt sich der Nutzer damit einverstanden, dass diese Webseite die von Google Inc. (\u201eGoogle\u201c) erbrachte Dienstleistung <em>Google Analytics<\/em> nutzen kann. <em>Google Analytics<\/em> verwendet die sogenannten Cookies, also Textdateien, die auf Ihrem Computer gespeichert werden und die Analyse Ihrer Nutzung der Webseite erm\u00f6glichen. Die dadurch erzeigten Informationen zu Ihrer Nutzung dieser Webseite (einschlie\u00dflich Ihrer IP-Adresse) werden an den Server von Google in den USA weitergeleitet und dort gespeichert. Google kann diese Informationen zur Bewertung Ihrer Nutzung, Erstattung von Berichten \u00fcber die Aktivit\u00e4ten auf der Webseite f\u00fcr den Betreiber der Webseite oder Erbringung sonstiger im Zusammenhang mit der Nutzung der Seite und des Internets stehenden Dienstleistungen verwenden. Zudem kann Google diese Informationen an Dritte weitergeben, wenn dies gesetzlich erforderlich ist oder Dritte die Daten gem\u00e4\u00df einem Vertrag mit der Gesellschaft Google verarbeiten.<\/p>\n<p>Keinesfalls wird Google Ihre IP-Adresse mit anderen Daten von Google verbinden. Sie k\u00f6nnen das Setzen von Cookies deaktivieren, indem Sie die Einstellungen des Softwares Ihres Browsers anpassen. Allerdings m\u00fcssen wir Sie darauf hinweisen, dass Sie in diesem Fall nicht alle Funktionen dieser Webseite nutzen werden k\u00f6nnen. Durch Nutzung dieser Webseite erkl\u00e4ren Sie sich mit der Verarbeitung der von Google \u00fcber Sie erhobenen Daten auf die oben beschriebene Weise und zu den oben aufgef\u00fchrten Zwecken einverstanden. Wenn Sie das Speichern von Cookies durch diesen Service deaktivieren m\u00f6chten, k\u00f6nnen Sie dies auf folgendem Link machen: Google Analytics \u2013 https:\/\/tools.google.com\/dlpage\/gaoptout.<\/p>\n<p>Wir behalten uns das Recht vor, diese Nutzungsbedingungen zu jedem Zeitpunkt zu \u00e4ndern, und haften nicht f\u00fcr etwaige sich aus solchen \u00c4nderungen ergebenden Folgen.<\/p>\n<p>[\/et_pb_text][\/et_pb_column][\/et_pb_row][\/et_pb_section]<\/p>\n","protected":false},"excerpt":{"rendered":"<p>www.kudumija.hr NUTZUNGSBEDINGUNGEN Die Nutzungsbedingungen gelten f\u00fcr alle Inhalte und Dienstleistungen auf dieser Webseite. Durch Nutzung jeglichen Teils oder aller Teile dieser Webseite wird davon ausgegangen, dass die Nutzer mit diesen Bedingungen sowie allen im Zusammenhang mit der Nutzung dieser Webseite stehenden Risiken vertraut und mit der Nutzung des Inhalts dieser Webseite ausschlie\u00dflich zu pers\u00f6nlichen Zwecken [&hellip;]<\/p>\n","protected":false},"author":1,"featured_media":0,"parent":0,"menu_order":0,"comment_status":"closed","ping_status":"closed","template":"","meta":{"_et_pb_use_builder":"on","_et_pb_old_content":"","_et_gb_content_width":"","footnotes":""},"class_list":["post-3104","page","type-page","status-publish","hentry"],"yoast_head":"<!-- This site is optimized with the Yoast SEO plugin v25.0 - https:\/\/yoast.com\/wordpress\/plugins\/seo\/ -->\n<title>NUTZUNGSBEDINGUNGEN - Kudumija d.o.o. - \u0160atori i monta\u017ene hale, cerade i tende, prodaja i najam<\/title>\n<meta name=\"robots\" content=\"index, follow, max-snippet:-1, max-image-preview:large, max-video-preview:-1\" \/>\n<link rel=\"canonical\" href=\"https:\/\/kudumija.hr\/de\/uvjeti-koristenja\/\" \/>\n<meta property=\"og:locale\" content=\"de_DE\" \/>\n<meta property=\"og:type\" content=\"article\" \/>\n<meta property=\"og:title\" content=\"NUTZUNGSBEDINGUNGEN - Kudumija d.o.o. - \u0160atori i monta\u017ene hale, cerade i tende, prodaja i najam\" \/>\n<meta property=\"og:description\" content=\"www.kudumija.hr NUTZUNGSBEDINGUNGEN Die Nutzungsbedingungen gelten f\u00fcr alle Inhalte und Dienstleistungen auf dieser Webseite. Durch Nutzung jeglichen Teils oder aller Teile dieser Webseite wird davon ausgegangen, dass die Nutzer mit diesen Bedingungen sowie allen im Zusammenhang mit der Nutzung dieser Webseite stehenden Risiken vertraut und mit der Nutzung des Inhalts dieser Webseite ausschlie\u00dflich zu pers\u00f6nlichen Zwecken [&hellip;]\" \/>\n<meta property=\"og:url\" content=\"https:\/\/kudumija.hr\/uvjeti-koristenja\/\" \/>\n<meta property=\"og:site_name\" content=\"Kudumija d.o.o. - \u0160atori i monta\u017ene hale, cerade i tende, prodaja i najam\" \/>\n<meta property=\"article:modified_time\" content=\"2021-04-14T19:02:42+00:00\" \/>\n<meta name=\"twitter:card\" content=\"summary_large_image\" \/>\n<meta name=\"twitter:label1\" content=\"Gesch\u00e4tzte Lesezeit\" \/>\n\t<meta name=\"twitter:data1\" content=\"3\u00a0Minuten\" \/>\n<script type=\"application\/ld+json\" class=\"yoast-schema-graph\">{\"@context\":\"https:\/\/schema.org\",\"@graph\":[{\"@type\":\"WebPage\",\"@id\":\"https:\/\/kudumija.hr\/uvjeti-koristenja\/\",\"url\":\"https:\/\/kudumija.hr\/uvjeti-koristenja\/\",\"name\":\"NUTZUNGSBEDINGUNGEN - Kudumija d.o.o. - \u0160atori i monta\u017ene hale, cerade i tende, prodaja i najam\",\"isPartOf\":{\"@id\":\"https:\/\/kudumija.hr\/#website\"},\"datePublished\":\"2021-04-14T19:01:18+00:00\",\"dateModified\":\"2021-04-14T19:02:42+00:00\",\"breadcrumb\":{\"@id\":\"https:\/\/kudumija.hr\/uvjeti-koristenja\/#breadcrumb\"},\"inLanguage\":\"de\",\"potentialAction\":[{\"@type\":\"ReadAction\",\"target\":[\"https:\/\/kudumija.hr\/uvjeti-koristenja\/\"]}]},{\"@type\":\"BreadcrumbList\",\"@id\":\"https:\/\/kudumija.hr\/uvjeti-koristenja\/#breadcrumb\",\"itemListElement\":[{\"@type\":\"ListItem\",\"position\":1,\"name\":\"Home\",\"item\":\"https:\/\/kudumija.hr\/de\/\"},{\"@type\":\"ListItem\",\"position\":2,\"name\":\"NUTZUNGSBEDINGUNGEN\"}]},{\"@type\":\"WebSite\",\"@id\":\"https:\/\/kudumija.hr\/#website\",\"url\":\"https:\/\/kudumija.hr\/\",\"name\":\"Kudumija d.o.o. - \u0160atori i monta\u017ene hale, cerade i tende, prodaja i najam\",\"description\":\"\u0160atori i monta\u017ene hale, cerade i tende, prodaja i najam\",\"publisher\":{\"@id\":\"https:\/\/kudumija.hr\/#organization\"},\"potentialAction\":[{\"@type\":\"SearchAction\",\"target\":{\"@type\":\"EntryPoint\",\"urlTemplate\":\"https:\/\/kudumija.hr\/?s={search_term_string}\"},\"query-input\":{\"@type\":\"PropertyValueSpecification\",\"valueRequired\":true,\"valueName\":\"search_term_string\"}}],\"inLanguage\":\"de\"},{\"@type\":\"Organization\",\"@id\":\"https:\/\/kudumija.hr\/#organization\",\"name\":\"Kudumija d.o.o.\",\"url\":\"https:\/\/kudumija.hr\/\",\"logo\":{\"@type\":\"ImageObject\",\"inLanguage\":\"de\",\"@id\":\"https:\/\/kudumija.hr\/#\/schema\/logo\/image\/\",\"url\":\"https:\/\/kudumija.hr\/wp-content\/uploads\/2020\/08\/kudumija_logo.jpg\",\"contentUrl\":\"https:\/\/kudumija.hr\/wp-content\/uploads\/2020\/08\/kudumija_logo.jpg\",\"width\":262,\"height\":94,\"caption\":\"Kudumija d.o.o.\"},\"image\":{\"@id\":\"https:\/\/kudumija.hr\/#\/schema\/logo\/image\/\"}}]}<\/script>\n<!-- \/ Yoast SEO plugin. -->","yoast_head_json":{"title":"NUTZUNGSBEDINGUNGEN - Kudumija d.o.o. - \u0160atori i monta\u017ene hale, cerade i tende, prodaja i najam","robots":{"index":"index","follow":"follow","max-snippet":"max-snippet:-1","max-image-preview":"max-image-preview:large","max-video-preview":"max-video-preview:-1"},"canonical":"https:\/\/kudumija.hr\/de\/uvjeti-koristenja\/","og_locale":"de_DE","og_type":"article","og_title":"NUTZUNGSBEDINGUNGEN - Kudumija d.o.o. - \u0160atori i monta\u017ene hale, cerade i tende, prodaja i najam","og_description":"www.kudumija.hr NUTZUNGSBEDINGUNGEN Die Nutzungsbedingungen gelten f\u00fcr alle Inhalte und Dienstleistungen auf dieser Webseite. Durch Nutzung jeglichen Teils oder aller Teile dieser Webseite wird davon ausgegangen, dass die Nutzer mit diesen Bedingungen sowie allen im Zusammenhang mit der Nutzung dieser Webseite stehenden Risiken vertraut und mit der Nutzung des Inhalts dieser Webseite ausschlie\u00dflich zu pers\u00f6nlichen Zwecken [&hellip;]","og_url":"https:\/\/kudumija.hr\/uvjeti-koristenja\/","og_site_name":"Kudumija d.o.o. - \u0160atori i monta\u017ene hale, cerade i tende, prodaja i najam","article_modified_time":"2021-04-14T19:02:42+00:00","twitter_card":"summary_large_image","twitter_misc":{"Gesch\u00e4tzte Lesezeit":"3\u00a0Minuten"},"schema":{"@context":"https:\/\/schema.org","@graph":[{"@type":"WebPage","@id":"https:\/\/kudumija.hr\/uvjeti-koristenja\/","url":"https:\/\/kudumija.hr\/uvjeti-koristenja\/","name":"NUTZUNGSBEDINGUNGEN - Kudumija d.o.o. - \u0160atori i monta\u017ene hale, cerade i tende, prodaja i najam","isPartOf":{"@id":"https:\/\/kudumija.hr\/#website"},"datePublished":"2021-04-14T19:01:18+00:00","dateModified":"2021-04-14T19:02:42+00:00","breadcrumb":{"@id":"https:\/\/kudumija.hr\/uvjeti-koristenja\/#breadcrumb"},"inLanguage":"de","potentialAction":[{"@type":"ReadAction","target":["https:\/\/kudumija.hr\/uvjeti-koristenja\/"]}]},{"@type":"BreadcrumbList","@id":"https:\/\/kudumija.hr\/uvjeti-koristenja\/#breadcrumb","itemListElement":[{"@type":"ListItem","position":1,"name":"Home","item":"https:\/\/kudumija.hr\/de\/"},{"@type":"ListItem","position":2,"name":"NUTZUNGSBEDINGUNGEN"}]},{"@type":"WebSite","@id":"https:\/\/kudumija.hr\/#website","url":"https:\/\/kudumija.hr\/","name":"Kudumija d.o.o. - \u0160atori i monta\u017ene hale, cerade i tende, prodaja i najam","description":"\u0160atori i monta\u017ene hale, cerade i tende, prodaja i najam","publisher":{"@id":"https:\/\/kudumija.hr\/#organization"},"potentialAction":[{"@type":"SearchAction","target":{"@type":"EntryPoint","urlTemplate":"https:\/\/kudumija.hr\/?s={search_term_string}"},"query-input":{"@type":"PropertyValueSpecification","valueRequired":true,"valueName":"search_term_string"}}],"inLanguage":"de"},{"@type":"Organization","@id":"https:\/\/kudumija.hr\/#organization","name":"Kudumija d.o.o.","url":"https:\/\/kudumija.hr\/","logo":{"@type":"ImageObject","inLanguage":"de","@id":"https:\/\/kudumija.hr\/#\/schema\/logo\/image\/","url":"https:\/\/kudumija.hr\/wp-content\/uploads\/2020\/08\/kudumija_logo.jpg","contentUrl":"https:\/\/kudumija.hr\/wp-content\/uploads\/2020\/08\/kudumija_logo.jpg","width":262,"height":94,"caption":"Kudumija d.o.o."},"image":{"@id":"https:\/\/kudumija.hr\/#\/schema\/logo\/image\/"}}]}},"_links":{"self":[{"href":"https:\/\/kudumija.hr\/de\/wp-json\/wp\/v2\/pages\/3104","targetHints":{"allow":["GET"]}}],"collection":[{"href":"https:\/\/kudumija.hr\/de\/wp-json\/wp\/v2\/pages"}],"about":[{"href":"https:\/\/kudumija.hr\/de\/wp-json\/wp\/v2\/types\/page"}],"author":[{"embeddable":true,"href":"https:\/\/kudumija.hr\/de\/wp-json\/wp\/v2\/users\/1"}],"replies":[{"embeddable":true,"href":"https:\/\/kudumija.hr\/de\/wp-json\/wp\/v2\/comments?post=3104"}],"version-history":[{"count":2,"href":"https:\/\/kudumija.hr\/de\/wp-json\/wp\/v2\/pages\/3104\/revisions"}],"predecessor-version":[{"id":3107,"href":"https:\/\/kudumija.hr\/de\/wp-json\/wp\/v2\/pages\/3104\/revisions\/3107"}],"wp:attachment":[{"href":"https:\/\/kudumija.hr\/de\/wp-json\/wp\/v2\/media?parent=3104"}],"curies":[{"name":"wp","href":"https:\/\/api.w.org\/{rel}","templated":true}]}}