{"id":3099,"date":"2021-04-14T18:49:51","date_gmt":"2021-04-14T18:49:51","guid":{"rendered":"https:\/\/kudumija.hr\/?page_id=3099"},"modified":"2021-04-14T18:57:36","modified_gmt":"2021-04-14T18:57:36","slug":"datenschutzpolitik","status":"publish","type":"page","link":"https:\/\/kudumija.hr\/de\/datenschutzpolitik\/","title":{"rendered":"Datenschutzpolitik"},"content":{"rendered":"<p>[et_pb_section fb_built=&#8220;1&#8243; _builder_version=&#8220;4.6.1&#8243; _module_preset=&#8220;default&#8220; background_color=&#8220;rgba(0,0,0,0.41)&#8220; background_image=&#8220;https:\/\/kudumija.hr\/wp-content\/uploads\/2020\/09\/overlay_news.jpg&#8220; background_blend=&#8220;multiply&#8220; vertical_offset=&#8220;-100px&#8220; custom_padding=&#8220;0px||0px||false|false&#8220;][et_pb_row _builder_version=&#8220;4.5.8&#8243; _module_preset=&#8220;default&#8220; max_width=&#8220;2560px&#8220; custom_margin=&#8220;-70px|auto||auto|false|false&#8220; custom_padding=&#8220;0px||20px||false|false&#8220;][et_pb_column type=&#8220;4_4&#8243; _builder_version=&#8220;4.5.8&#8243; _module_preset=&#8220;default&#8220;][et_pb_divider show_divider=&#8220;off&#8220; _builder_version=&#8220;4.6.1&#8243; _module_preset=&#8220;default&#8220; height=&#8220;350px&#8220; height_tablet=&#8220;450px&#8220; height_phone=&#8220;450px&#8220; height_last_edited=&#8220;on|phone&#8220;][\/et_pb_divider][et_pb_text _builder_version=&#8220;4.6.1&#8243; _module_preset=&#8220;default&#8220; text_font=&#8220;Raleway||||||||&#8220; text_text_color=&#8220;#354650&#8243; text_font_size=&#8220;1.1vw&#8220; text_letter_spacing=&#8220;1px&#8220; text_line_height=&#8220;2.2em&#8220; header_2_font=&#8220;Raleway|800|||||||&#8220; header_2_text_color=&#8220;#354650&#8243; header_2_font_size=&#8220;2.7vw&#8220; header_2_line_height=&#8220;1.5em&#8220; custom_margin=&#8220;||||false|false&#8220; custom_padding=&#8220;||||false|false&#8220; hover_transition_duration=&#8220;100ms&#8220; hover_transition_speed_curve=&#8220;linear&#8220; hover_enabled=&#8220;0&#8243; text_font_size_tablet=&#8220;3vw&#8220; text_font_size_phone=&#8220;4.5vw&#8220; text_font_size_last_edited=&#8220;on|phone&#8220; header_2_font_size_tablet=&#8220;6.7vw&#8220; header_2_font_size_phone=&#8220;8.6vw&#8220; header_2_font_size_last_edited=&#8220;on|phone&#8220; header_2_line_height_tablet=&#8220;&#8220; header_2_line_height_phone=&#8220;1.5em&#8220; header_2_line_height_last_edited=&#8220;on|phone&#8220; locked=&#8220;off&#8220; custom_padding__hover_enabled=&#8220;on|hover&#8220; custom_padding__hover=&#8220;||||false|false&#8220; custom_margin__hover_enabled=&#8220;on|hover&#8220; custom_margin__hover=&#8220;||||false|false&#8220; sticky_enabled=&#8220;0&#8243;]<\/p>\n<p style=\"text-align: left;\"><span style=\"color: #ffffff;\"><span color=\"#d3423d\" style=\"color: #d3423d;\">www.kudumija.hr<\/span><\/span><\/p>\n<h2 style=\"text-align: left;\"><span style=\"color: #ffffff;\">DATENSCHUTZPOLITIK<\/span><\/h2>\n<p>[\/et_pb_text][\/et_pb_column][\/et_pb_row][et_pb_row _builder_version=&#8220;4.6.1&#8243; _module_preset=&#8220;default&#8220;][et_pb_column type=&#8220;4_4&#8243; _builder_version=&#8220;4.6.1&#8243; _module_preset=&#8220;default&#8220;][et_pb_divider show_divider=&#8220;off&#8220; disabled_on=&#8220;on|on|off&#8220; _builder_version=&#8220;4.6.1&#8243; _module_preset=&#8220;default&#8220; height=&#8220;50px&#8220;][\/et_pb_divider][\/et_pb_column][\/et_pb_row][\/et_pb_section][et_pb_section fb_built=&#8220;1&#8243; _builder_version=&#8220;4.6.1&#8243; _module_preset=&#8220;default&#8220; custom_padding=&#8220;0px||2px|||&#8220;][et_pb_row _builder_version=&#8220;4.6.1&#8243; _module_preset=&#8220;default&#8220; max_width=&#8220;2560px&#8220; custom_padding=&#8220;75px||73px||false|false&#8220;][et_pb_column type=&#8220;4_4&#8243; _builder_version=&#8220;4.6.1&#8243; _module_preset=&#8220;default&#8220;][et_pb_text _builder_version=&#8220;4.6.1&#8243; _module_preset=&#8220;default&#8220; text_font=&#8220;Raleway||||||||&#8220; text_text_color=&#8220;#354650&#8243; text_font_size=&#8220;1vw&#8220; text_line_height=&#8220;1.8em&#8220; link_text_color=&#8220;#d3423d&#8220; custom_margin=&#8220;||-2px|||&#8220; custom_padding=&#8220;||37px||false|false&#8220; text_font_size_tablet=&#8220;2.5vw&#8220; text_font_size_phone=&#8220;4.1vw&#8220; text_font_size_last_edited=&#8220;on|phone&#8220;]<\/p>\n<p>Die FirmaKudumija d.o.o. (im Folgenden: \u201ewir\u201c, \u201euns\u201c, \u201eunser\u201c, usw.) ist der Inhaber der Webseite www.kudumija.hr (\u201eWebseite\u201c).Dieser Hinweis dient dazu, um die Nutzungsbedingungen der Webseite zus\u00e4tzlich klarzustellen und den Umfang der Informationen auf unserer Webseite n\u00e4her auszuf\u00fchren.<\/p>\n<p>Beim Aufruf unserer Webseite erheben wir keinerlei personenbezogene Daten. Durch Nutzung unserer Webseite k\u00f6nnen Sie mehr zur T\u00e4tigkeit sowie zu den Produkten und Dienstleistungen der Firma Kudumija d.o.o. erfahren.<\/p>\n<p>&nbsp;<\/p>\n<p><strong>Welche Informationen erheben wir und wie werden sie verwendet?<\/strong><\/p>\n<p>Im Allgemeinen k\u00f6nnen Sie unsere Webseite besuchen, ohne jegliche personenbezogenen Daten weitergeben zu m\u00fcssen. Wenn Sie diese Webseite aufrufen, erheben wir keine Ihre personenbezogenen Daten (z. B. Ihren Namen oder Kontaktdaten), au\u00dfer bei der Ausf\u00fcllung des Kontaktformulars unter <strong><a href=\"https:\/\/kudumija.hr\/de\/kontaktieren-sie-uns\/\" title=\"KONTAKT\">KONTAKT<\/a><\/strong>. Wenn Sie das Kontaktformular ausf\u00fcllen und auf \u201eSenden\u201c klicken, wird es davon ausgegangen, dass die Bedingungen f\u00fcr eine Einwilligung erf\u00fcllt wurden, sowie dass Sie sich automatisch damit einverstanden erkl\u00e4ren, dass die Firma Kudumija d.o.o. \u00fcber Ihre Kontaktdaten und Informationen zwecks gesch\u00e4ftlicher Zusammenarbeit und\/oder Zusendung von Angeboten oder sonstigen Informationen bez\u00fcglich der Gesch\u00e4ftsbeziehung verf\u00fcgen darf.<\/p>\n<p>&nbsp;<\/p>\n<p><strong>Informationen, die auf unserer Webseite automatisch erhoben werden<\/strong><\/p>\n<p>Bitte beachten Sie, dass die nicht personenbezogenen Informationen und Daten durch unsere Webserver oder Nutzung von \u201eCookies\u201c automatisch erhoben werden k\u00f6nnen.<\/p>\n<p>Die Informationen \u00fcber Ihre Nutzung der Webseite umfassen z. B. die meistbesuchten und meistaufgerufenen Seiten und Links auf unserer Webseite, die Anzahl der ausgef\u00fcllten Formulare, die auf der Webseite verbrachte Zeit, die popul\u00e4rsten Schl\u00fcsselw\u00f6rter, aufgrund welcher die Nutzer zu unserer Webseite gelangen, Ihre IP-Adresse, die \u00fcber Cookies erhobenen Informationen, die Daten \u00fcber Ihrem Ger\u00e4t (z. B. die Hardware-Einstellungen, Systemaktivit\u00e4ten, Arten von Browsern usw.).<\/p>\n<p>Die Informationen, die wir \u00fcber Sie erhalten, verwenden wir zu einem oder mehreren der angef\u00fchrten Zwecke:<\/p>\n<ul>\n<li>zwecks Personalisierung Ihrer Nutzererfahrung (die erhobenen Informationen helfen uns dabei, ihren individuellen Bed\u00fcrfnissen gerecht zu werden);<\/li>\n<li>zwecks Verbesserung unserer Webseite (wir versuchen st\u00e4ndig, das Anbieten unserer Webseite aufgrund von den R\u00fcckmeldungen von unseren Besuchern zu verbessern)<\/li>\n<\/ul>\n<p>&nbsp;<\/p>\n<p><strong>Verwendung von Cookies<\/strong><\/p>\n<p>Um sich \u00fcber die Weise unserer Verwendung von Cookies zu informieren, lesen Sie unsere <strong><a href=\"https:\/\/kudumija.hr\/de\/cookie-politik\/\" title=\"Cookies-Politik.\">Cookies-Politik.<\/a><\/strong><\/p>\n<p>&nbsp;<\/p>\n<p><strong>Verbindung zu Dritten<\/strong><\/p>\n<p>Auf unserer Webseite bieten und erbringen wir nicht Dienstleistungen oder Produkte Dritter.<\/p>\n<p>&nbsp;<\/p>\n<p><strong>Ihre Einwilligung<\/strong><\/p>\n<p>Durch Nutzung dieser Webseite stimmen Sie dieser Datenschutzpolitik zu.<\/p>\n<p>&nbsp;<\/p>\n<p><strong>\u00c4nderungen unserer Datenschutzpolitik<\/strong><\/p>\n<p>Sollte es zu \u00c4nderungen unserer Datenschutzpolitik kommen, werden wir Sie dar\u00fcber auf dieser Webseite informieren und das Datum der \u00c4nderung der Datenschutzpolitik wie unten angef\u00fchrt aktualisieren.<\/p>\n<p>Diese Datenschutzpolitik wurde zuletzt am 10. April 2021 ge\u00e4ndert.<\/p>\n<p>[\/et_pb_text][\/et_pb_column][\/et_pb_row][\/et_pb_section]<\/p>\n","protected":false},"excerpt":{"rendered":"<p>www.kudumija.hr DATENSCHUTZPOLITIK Die FirmaKudumija d.o.o. (im Folgenden: \u201ewir\u201c, \u201euns\u201c, \u201eunser\u201c, usw.) ist der Inhaber der Webseite www.kudumija.hr (\u201eWebseite\u201c).Dieser Hinweis dient dazu, um die Nutzungsbedingungen der Webseite zus\u00e4tzlich klarzustellen und den Umfang der Informationen auf unserer Webseite n\u00e4her auszuf\u00fchren. Beim Aufruf unserer Webseite erheben wir keinerlei personenbezogene Daten. Durch Nutzung unserer Webseite k\u00f6nnen Sie mehr zur [&hellip;]<\/p>\n","protected":false},"author":1,"featured_media":0,"parent":0,"menu_order":0,"comment_status":"closed","ping_status":"closed","template":"","meta":{"_et_pb_use_builder":"on","_et_pb_old_content":"","_et_gb_content_width":"","footnotes":""},"class_list":["post-3099","page","type-page","status-publish","hentry"],"yoast_head":"<!-- This site is optimized with the Yoast SEO plugin v25.0 - https:\/\/yoast.com\/wordpress\/plugins\/seo\/ -->\n<title>Datenschutzpolitik - Kudumija d.o.o. - \u0160atori i monta\u017ene hale, cerade i tende, prodaja i najam<\/title>\n<meta name=\"robots\" content=\"index, follow, max-snippet:-1, max-image-preview:large, max-video-preview:-1\" \/>\n<link rel=\"canonical\" href=\"https:\/\/kudumija.hr\/de\/politika-privatnosti\/\" \/>\n<meta property=\"og:locale\" content=\"de_DE\" \/>\n<meta property=\"og:type\" content=\"article\" \/>\n<meta property=\"og:title\" content=\"Datenschutzpolitik - Kudumija d.o.o. - \u0160atori i monta\u017ene hale, cerade i tende, prodaja i najam\" \/>\n<meta property=\"og:description\" content=\"www.kudumija.hr DATENSCHUTZPOLITIK Die FirmaKudumija d.o.o. (im Folgenden: \u201ewir\u201c, \u201euns\u201c, \u201eunser\u201c, usw.) ist der Inhaber der Webseite www.kudumija.hr (\u201eWebseite\u201c).Dieser Hinweis dient dazu, um die Nutzungsbedingungen der Webseite zus\u00e4tzlich klarzustellen und den Umfang der Informationen auf unserer Webseite n\u00e4her auszuf\u00fchren. Beim Aufruf unserer Webseite erheben wir keinerlei personenbezogene Daten. Durch Nutzung unserer Webseite k\u00f6nnen Sie mehr zur [&hellip;]\" \/>\n<meta property=\"og:url\" content=\"https:\/\/kudumija.hr\/politika-privatnosti\/\" \/>\n<meta property=\"og:site_name\" content=\"Kudumija d.o.o. - \u0160atori i monta\u017ene hale, cerade i tende, prodaja i najam\" \/>\n<meta property=\"article:modified_time\" content=\"2021-04-14T18:57:36+00:00\" \/>\n<meta name=\"twitter:card\" content=\"summary_large_image\" \/>\n<meta name=\"twitter:label1\" content=\"Gesch\u00e4tzte Lesezeit\" \/>\n\t<meta name=\"twitter:data1\" content=\"3\u00a0Minuten\" \/>\n<script type=\"application\/ld+json\" class=\"yoast-schema-graph\">{\"@context\":\"https:\/\/schema.org\",\"@graph\":[{\"@type\":\"WebPage\",\"@id\":\"https:\/\/kudumija.hr\/politika-privatnosti\/\",\"url\":\"https:\/\/kudumija.hr\/politika-privatnosti\/\",\"name\":\"Datenschutzpolitik - Kudumija d.o.o. - \u0160atori i monta\u017ene hale, cerade i tende, prodaja i najam\",\"isPartOf\":{\"@id\":\"https:\/\/kudumija.hr\/#website\"},\"datePublished\":\"2021-04-14T18:49:51+00:00\",\"dateModified\":\"2021-04-14T18:57:36+00:00\",\"breadcrumb\":{\"@id\":\"https:\/\/kudumija.hr\/politika-privatnosti\/#breadcrumb\"},\"inLanguage\":\"de\",\"potentialAction\":[{\"@type\":\"ReadAction\",\"target\":[\"https:\/\/kudumija.hr\/politika-privatnosti\/\"]}]},{\"@type\":\"BreadcrumbList\",\"@id\":\"https:\/\/kudumija.hr\/politika-privatnosti\/#breadcrumb\",\"itemListElement\":[{\"@type\":\"ListItem\",\"position\":1,\"name\":\"Home\",\"item\":\"https:\/\/kudumija.hr\/de\/\"},{\"@type\":\"ListItem\",\"position\":2,\"name\":\"Datenschutzpolitik\"}]},{\"@type\":\"WebSite\",\"@id\":\"https:\/\/kudumija.hr\/#website\",\"url\":\"https:\/\/kudumija.hr\/\",\"name\":\"Kudumija d.o.o. - \u0160atori i monta\u017ene hale, cerade i tende, prodaja i najam\",\"description\":\"\u0160atori i monta\u017ene hale, cerade i tende, prodaja i najam\",\"publisher\":{\"@id\":\"https:\/\/kudumija.hr\/#organization\"},\"potentialAction\":[{\"@type\":\"SearchAction\",\"target\":{\"@type\":\"EntryPoint\",\"urlTemplate\":\"https:\/\/kudumija.hr\/?s={search_term_string}\"},\"query-input\":{\"@type\":\"PropertyValueSpecification\",\"valueRequired\":true,\"valueName\":\"search_term_string\"}}],\"inLanguage\":\"de\"},{\"@type\":\"Organization\",\"@id\":\"https:\/\/kudumija.hr\/#organization\",\"name\":\"Kudumija d.o.o.\",\"url\":\"https:\/\/kudumija.hr\/\",\"logo\":{\"@type\":\"ImageObject\",\"inLanguage\":\"de\",\"@id\":\"https:\/\/kudumija.hr\/#\/schema\/logo\/image\/\",\"url\":\"https:\/\/kudumija.hr\/wp-content\/uploads\/2020\/08\/kudumija_logo.jpg\",\"contentUrl\":\"https:\/\/kudumija.hr\/wp-content\/uploads\/2020\/08\/kudumija_logo.jpg\",\"width\":262,\"height\":94,\"caption\":\"Kudumija d.o.o.\"},\"image\":{\"@id\":\"https:\/\/kudumija.hr\/#\/schema\/logo\/image\/\"}}]}<\/script>\n<!-- \/ Yoast SEO plugin. -->","yoast_head_json":{"title":"Datenschutzpolitik - Kudumija d.o.o. - \u0160atori i monta\u017ene hale, cerade i tende, prodaja i najam","robots":{"index":"index","follow":"follow","max-snippet":"max-snippet:-1","max-image-preview":"max-image-preview:large","max-video-preview":"max-video-preview:-1"},"canonical":"https:\/\/kudumija.hr\/de\/politika-privatnosti\/","og_locale":"de_DE","og_type":"article","og_title":"Datenschutzpolitik - Kudumija d.o.o. - \u0160atori i monta\u017ene hale, cerade i tende, prodaja i najam","og_description":"www.kudumija.hr DATENSCHUTZPOLITIK Die FirmaKudumija d.o.o. (im Folgenden: \u201ewir\u201c, \u201euns\u201c, \u201eunser\u201c, usw.) ist der Inhaber der Webseite www.kudumija.hr (\u201eWebseite\u201c).Dieser Hinweis dient dazu, um die Nutzungsbedingungen der Webseite zus\u00e4tzlich klarzustellen und den Umfang der Informationen auf unserer Webseite n\u00e4her auszuf\u00fchren. Beim Aufruf unserer Webseite erheben wir keinerlei personenbezogene Daten. Durch Nutzung unserer Webseite k\u00f6nnen Sie mehr zur [&hellip;]","og_url":"https:\/\/kudumija.hr\/politika-privatnosti\/","og_site_name":"Kudumija d.o.o. - \u0160atori i monta\u017ene hale, cerade i tende, prodaja i najam","article_modified_time":"2021-04-14T18:57:36+00:00","twitter_card":"summary_large_image","twitter_misc":{"Gesch\u00e4tzte Lesezeit":"3\u00a0Minuten"},"schema":{"@context":"https:\/\/schema.org","@graph":[{"@type":"WebPage","@id":"https:\/\/kudumija.hr\/politika-privatnosti\/","url":"https:\/\/kudumija.hr\/politika-privatnosti\/","name":"Datenschutzpolitik - Kudumija d.o.o. - \u0160atori i monta\u017ene hale, cerade i tende, prodaja i najam","isPartOf":{"@id":"https:\/\/kudumija.hr\/#website"},"datePublished":"2021-04-14T18:49:51+00:00","dateModified":"2021-04-14T18:57:36+00:00","breadcrumb":{"@id":"https:\/\/kudumija.hr\/politika-privatnosti\/#breadcrumb"},"inLanguage":"de","potentialAction":[{"@type":"ReadAction","target":["https:\/\/kudumija.hr\/politika-privatnosti\/"]}]},{"@type":"BreadcrumbList","@id":"https:\/\/kudumija.hr\/politika-privatnosti\/#breadcrumb","itemListElement":[{"@type":"ListItem","position":1,"name":"Home","item":"https:\/\/kudumija.hr\/de\/"},{"@type":"ListItem","position":2,"name":"Datenschutzpolitik"}]},{"@type":"WebSite","@id":"https:\/\/kudumija.hr\/#website","url":"https:\/\/kudumija.hr\/","name":"Kudumija d.o.o. - \u0160atori i monta\u017ene hale, cerade i tende, prodaja i najam","description":"\u0160atori i monta\u017ene hale, cerade i tende, prodaja i najam","publisher":{"@id":"https:\/\/kudumija.hr\/#organization"},"potentialAction":[{"@type":"SearchAction","target":{"@type":"EntryPoint","urlTemplate":"https:\/\/kudumija.hr\/?s={search_term_string}"},"query-input":{"@type":"PropertyValueSpecification","valueRequired":true,"valueName":"search_term_string"}}],"inLanguage":"de"},{"@type":"Organization","@id":"https:\/\/kudumija.hr\/#organization","name":"Kudumija d.o.o.","url":"https:\/\/kudumija.hr\/","logo":{"@type":"ImageObject","inLanguage":"de","@id":"https:\/\/kudumija.hr\/#\/schema\/logo\/image\/","url":"https:\/\/kudumija.hr\/wp-content\/uploads\/2020\/08\/kudumija_logo.jpg","contentUrl":"https:\/\/kudumija.hr\/wp-content\/uploads\/2020\/08\/kudumija_logo.jpg","width":262,"height":94,"caption":"Kudumija d.o.o."},"image":{"@id":"https:\/\/kudumija.hr\/#\/schema\/logo\/image\/"}}]}},"_links":{"self":[{"href":"https:\/\/kudumija.hr\/de\/wp-json\/wp\/v2\/pages\/3099","targetHints":{"allow":["GET"]}}],"collection":[{"href":"https:\/\/kudumija.hr\/de\/wp-json\/wp\/v2\/pages"}],"about":[{"href":"https:\/\/kudumija.hr\/de\/wp-json\/wp\/v2\/types\/page"}],"author":[{"embeddable":true,"href":"https:\/\/kudumija.hr\/de\/wp-json\/wp\/v2\/users\/1"}],"replies":[{"embeddable":true,"href":"https:\/\/kudumija.hr\/de\/wp-json\/wp\/v2\/comments?post=3099"}],"version-history":[{"count":3,"href":"https:\/\/kudumija.hr\/de\/wp-json\/wp\/v2\/pages\/3099\/revisions"}],"predecessor-version":[{"id":3103,"href":"https:\/\/kudumija.hr\/de\/wp-json\/wp\/v2\/pages\/3099\/revisions\/3103"}],"wp:attachment":[{"href":"https:\/\/kudumija.hr\/de\/wp-json\/wp\/v2\/media?parent=3099"}],"curies":[{"name":"wp","href":"https:\/\/api.w.org\/{rel}","templated":true}]}}