{"id":3095,"date":"2021-04-14T18:14:31","date_gmt":"2021-04-14T18:14:31","guid":{"rendered":"https:\/\/kudumija.hr\/?page_id=3095"},"modified":"2021-04-14T18:21:35","modified_gmt":"2021-04-14T18:21:35","slug":"cookie-politik","status":"publish","type":"page","link":"https:\/\/kudumija.hr\/de\/cookie-politik\/","title":{"rendered":"Cookie &#8211; Politik"},"content":{"rendered":"<p>[et_pb_section fb_built=&#8220;1&#8243; _builder_version=&#8220;4.6.1&#8243; _module_preset=&#8220;default&#8220; background_color=&#8220;rgba(0,0,0,0.41)&#8220; background_image=&#8220;https:\/\/kudumija.hr\/wp-content\/uploads\/2020\/09\/overlay_news.jpg&#8220; background_blend=&#8220;multiply&#8220; vertical_offset=&#8220;-100px&#8220; custom_padding=&#8220;0px||0px||false|false&#8220;][et_pb_row _builder_version=&#8220;4.5.8&#8243; _module_preset=&#8220;default&#8220; max_width=&#8220;2560px&#8220; custom_margin=&#8220;-70px|auto||auto|false|false&#8220; custom_padding=&#8220;0px||20px||false|false&#8220;][et_pb_column type=&#8220;4_4&#8243; _builder_version=&#8220;4.5.8&#8243; _module_preset=&#8220;default&#8220;][et_pb_divider show_divider=&#8220;off&#8220; _builder_version=&#8220;4.6.1&#8243; _module_preset=&#8220;default&#8220; height=&#8220;350px&#8220; height_tablet=&#8220;450px&#8220; height_phone=&#8220;450px&#8220; height_last_edited=&#8220;on|phone&#8220;][\/et_pb_divider][et_pb_text _builder_version=&#8220;4.6.1&#8243; _module_preset=&#8220;default&#8220; text_font=&#8220;Raleway||||||||&#8220; text_text_color=&#8220;#354650&#8243; text_font_size=&#8220;1.1vw&#8220; text_letter_spacing=&#8220;1px&#8220; text_line_height=&#8220;2.2em&#8220; header_2_font=&#8220;Raleway|800|||||||&#8220; header_2_text_color=&#8220;#354650&#8243; header_2_font_size=&#8220;2.7vw&#8220; header_2_line_height=&#8220;1.5em&#8220; custom_margin=&#8220;||||false|false&#8220; custom_padding=&#8220;||||false|false&#8220; hover_transition_duration=&#8220;100ms&#8220; hover_transition_speed_curve=&#8220;linear&#8220; hover_enabled=&#8220;0&#8243; text_font_size_tablet=&#8220;3vw&#8220; text_font_size_phone=&#8220;4.5vw&#8220; text_font_size_last_edited=&#8220;on|phone&#8220; header_2_font_size_tablet=&#8220;6.7vw&#8220; header_2_font_size_phone=&#8220;8.6vw&#8220; header_2_font_size_last_edited=&#8220;on|phone&#8220; header_2_line_height_tablet=&#8220;&#8220; header_2_line_height_phone=&#8220;1.5em&#8220; header_2_line_height_last_edited=&#8220;on|phone&#8220; locked=&#8220;off&#8220; custom_padding__hover_enabled=&#8220;on|hover&#8220; custom_padding__hover=&#8220;||||false|false&#8220; custom_margin__hover_enabled=&#8220;on|hover&#8220; custom_margin__hover=&#8220;||||false|false&#8220; sticky_enabled=&#8220;0&#8243;]<\/p>\n<p style=\"text-align: left;\"><span style=\"color: #ffffff;\"><span color=\"#d3423d\" style=\"color: #d3423d;\">www.kudumija.hr<\/span><\/span><\/p>\n<h2 style=\"text-align: left;\"><span style=\"color: #ffffff;\">COOKIE &#8211; POLITIK<\/span><\/h2>\n<p>[\/et_pb_text][\/et_pb_column][\/et_pb_row][et_pb_row _builder_version=&#8220;4.6.1&#8243; _module_preset=&#8220;default&#8220;][et_pb_column type=&#8220;4_4&#8243; _builder_version=&#8220;4.6.1&#8243; _module_preset=&#8220;default&#8220;][et_pb_divider show_divider=&#8220;off&#8220; disabled_on=&#8220;on|on|off&#8220; _builder_version=&#8220;4.6.1&#8243; _module_preset=&#8220;default&#8220; height=&#8220;50px&#8220;][\/et_pb_divider][\/et_pb_column][\/et_pb_row][\/et_pb_section][et_pb_section fb_built=&#8220;1&#8243; _builder_version=&#8220;4.6.1&#8243; _module_preset=&#8220;default&#8220; custom_padding=&#8220;0px||2px|||&#8220;][et_pb_row _builder_version=&#8220;4.6.1&#8243; _module_preset=&#8220;default&#8220; max_width=&#8220;2560px&#8220; custom_padding=&#8220;75px||73px||false|false&#8220;][et_pb_column type=&#8220;4_4&#8243; _builder_version=&#8220;4.6.1&#8243; _module_preset=&#8220;default&#8220;][et_pb_text _builder_version=&#8220;4.6.1&#8243; _module_preset=&#8220;default&#8220; text_font=&#8220;Raleway||||||||&#8220; text_text_color=&#8220;#354650&#8243; text_font_size=&#8220;1vw&#8220; text_line_height=&#8220;1.8em&#8220; link_text_color=&#8220;#d3423d&#8220; custom_margin=&#8220;||-2px|||&#8220; custom_padding=&#8220;||37px||false|false&#8220; hover_enabled=&#8220;0&#8243; text_font_size_tablet=&#8220;2.5vw&#8220; text_font_size_phone=&#8220;4.1vw&#8220; text_font_size_last_edited=&#8220;on|phone&#8220; sticky_enabled=&#8220;0&#8243;]<\/p>\n<p><b>Einf\u00fchrung<\/b><\/p>\n<p>Um Ihren Besuch auf unserer Webseite je besser zu gestalten, muss diese Webseite eine kleine Menge an Informationen, die sogenannten Cookies, auf Ihrem Computer speichern. Unter anderem sind die Cookies f\u00fcr das optimale Funktionieren der Webseite erforderlich. Zudem verwenden wir sie, um die Webseite zwecks Verbesserung Ihres Browsing-Erlebnisses weiterzuentwickeln. Durch Nutzung dieser Webseite erkl\u00e4ren Sie sich mit der Verwendung von Cookies einverstanden. Sie k\u00f6nnen die Verwendung von Cookies ablehnen, wonach Sie weiter surfen k\u00f6nnen, allerdings sind Ihnen einige M\u00f6glichkeiten nicht verf\u00fcgbar.<\/p>\n<p>&nbsp;<\/p>\n<p><b>Was ist ein \u201eCookie\u201c?<\/b><\/p>\n<p>Ein Cookie ist eine Information, die in Ihrem Computer, Tablet-PC oder Handy gespeichert wird.Sie kann entweder von der von Ihnen aufgerufenen Webseite (Cookies von Erstanbietern) oder von Dritten in Zusammenarbeit und f\u00fcr die Bed\u00fcrfnisse der von Ihnen aufgerufenen Webseite (Cookies von Drittanbietern) \u00fcbermittelt werden.<br \/> \u00dcblicherweise speichern die Cookies Ihre Einstellungen in Bezug auf die Webseite (z. B. Sprache oder \u00e4hnliche Einstellungen). Wenn Sie sp\u00e4ter die gleiche Webseite erneut aufrufen, sendet der Browser die Cookies von dieser Seite zur\u00fcck. Dadurch wird es erm\u00f6glicht, dass auf der Webseite die Informationen gezeigt werden, die an Ihre Bed\u00fcrfnisse angepasst sind. Die Cookies k\u00f6nnen eine Vielzahl von Cookies speichern, einschlie\u00dflich eines Teils personenbezogener Informationen. Diese Informationen k\u00f6nnen nur gespeichert werden, wenn Sie diese Option aktivieren; Webseiten k\u00f6nnen weder auf Informationen, die von Ihnen nicht \u00fcbermittelt wurden, noch auf andere Dateien auf Ihrem Computer zugreifen.<\/p>\n<p>&nbsp;<\/p>\n<p><b>Was sind Cookies von Erstanbietern?<\/b><\/p>\n<p>Die Cookies von Erstanbietern sind der Webseite, die Sie aufgerufen haben, zugeordnet sind und umfassen permanente und vor\u00fcbergehende Cookies. Mit Hilfe von diesen Cookies k\u00f6nnen in den Webseiten Daten gespeichert werden, die beim erneuten Aufruf dieser Webseite verwendet werden.<\/p>\n<p>&nbsp;<\/p>\n<p><b>Was sind Cookies von Drittanbietern?<\/b><\/p>\n<p>Die Cookies von Drittanbietern kommen von den Werbungen anderer Webseiten (z. B. Pop-ups oder andere Werbungen), die sich auf der von Ihnen besuchten Webseite befinden. Mit Hilfe von diesen Cookies k\u00f6nnen die Webseiten die Nutzung des Internets zu Werbezwecken verfolgen.<\/p>\n<p>&nbsp;<\/p>\n<p><b>Die Verwendung von Cookies auf dieser Webseite<\/b><\/p>\n<p>Diese Webseite verwendet Cookies, um Ihnen eine bessere Nutzererfahrung zu erm\u00f6glichen. Bei der Nutzung unserer Webseite k\u00f6nnen auch die Cookies von Drittanbietern gesetzt werden.<br \/> Diese Webseite kann Cookies verwenden, um die Besucherstatistiken der Webseite zwecks Einholung von erforderlichen Informationen \u00fcber den Erfolg der Webseite zu erstellen, wobei sie die Dienstleistung Dritter namens Google Analytics verwenden kann.<br \/> Diese Webseite kann Cookies zwecks Werbung von Produkten\/Dienstleistungen auf der Webseite selbst, auf Displaynetzwerken und durch Nutzung von Remarketing von Google Analytics verwenden.Durch Verwendung von Cookies zeigen die Drittanbieter (einschlie\u00dflich Google) in Zusammenarbeit mit uns unsere Werbungen inWebseiten im ganzen Internet an. Besonders weisen wir darauf hin, dass Sie die M\u00f6glichkeit haben, die Dienstleistungen von Google Analytics auf dem auf Displaynetzwerk deaktivieren und die Werbungen im Displaynetzwerk mit Hilfe vom Manager f\u00fcr Werbeeinstellungen (www.google.com\/settings\/ads) anpassen.<br \/> Zwecks Planung der Ver\u00f6ffentlichung von Inhalten gem\u00e4\u00df Ihren Interessen und zuk\u00fcnftiger Marketingkampagnen nutzen wir den Tool Demografische Merkmale und Interessen von Google Analytics, wo wir die Daten aus den Werbungen von Google aufgrund von Interessen oder Daten zu Dritten (z. B. Alter, Geschlecht und Interessen) in Google Analytics nutzen k\u00f6nnen. Ausf\u00fchrliche Informationen Dritter zu dieser Dienstleistung sowie zu den M\u00f6glichkeiten der Nutzer, die Einstellungen der daf\u00fcr erforderlichen Cookies anzupassen, finden Sie auf www.google.com\/analytics\/learn\/privacy.html.<br \/> (www.google.com\/settings\/ads).<\/p>\n<p>&nbsp;<\/p>\n<p><b>Soziale Netzwerke<\/b><\/p>\n<p>Soziale Netzwerke k\u00f6nnen auch Cookies auf Ihrem Computer setzen. Dies geschieht auf den Webseiten, auf welchen die Anmeldung und Registrierung \u00fcber Accounts in sozialen Netzwerken (z. B. \u00fcber die Option \u201eGef\u00e4llt mir\u201c auf Facebook) m\u00f6glich ist. Konkrete Auswirkungen auf Ihre Privatsph\u00e4re unterscheiden sich je nach dem sozialen Netzwerk und h\u00e4ngt von den von Ihnen ausgew\u00e4hlten Datenschutzeinstellungen ab. Mehr zur Verwaltung von diesen Cookies k\u00f6nnen Sie auf den Webseiten der jeweiligen sozialen Netzwerke erfahren.<\/p>\n<p>&nbsp;<\/p>\n<p><b>Wie kann ich Cookies deaktivieren?<\/b><\/p>\n<p>Sie k\u00f6nnen auf Wunsch die Speicherung von Cookies in Ihrem Computer deaktivieren, allerdings k\u00f6nnte sich die Deaktivierung aller Cookiesauf die Nutzung von vielen Webseiten, einschlie\u00dflich dieser, negativ auswirken. Die Cookies-Einstellungen k\u00f6nnen in Ihrem Browser kontrolliert und konfiguriert werden. Wenn Sie die Cookies auf Ihrem Computer l\u00f6schen oder deaktivieren m\u00f6chten, m\u00fcssen Sie die Einstellungen Ihres Browsers aktualisieren (die Informationen zur L\u00f6schung und Deaktivierung von Cookies finden Sie in Ihrem Browser unter Hilfe).<br \/> Zus\u00e4tzliche Informationen in Bezug auf die Deaktivierung von Cookies<br \/> Derzeit gibt es mehrere Webseiten f\u00fcr Deaktivierung der Speicherung von Cookies f\u00fcr verschiedene Services.<br \/> Mehr dazu k\u00f6nnen Sie auf den folgenden Webseiten erfahren:<\/p>\n<p><a href=\"http:\/\/www.allaboutcookies.org\/\">www.allaboutcookies.org<\/a><\/p>\n<p><a href=\"http:\/\/www.youronlinechoices.com\/hr\">www.youronlinechoices.com\/hr<\/a><\/p>\n<p><a href=\"http:\/\/www.aboutads.info\/choices\">www.aboutads.info\/choices<\/a><\/p>\n<p>&nbsp;<\/p>\n<p><b>Haben Sie Fragen in Bezug auf die Cookies-Politik?<\/b><\/p>\n<p>Wenn Sie Fragen in Bezug auf die Cookies-Politik f\u00fcr diese Webseite, kontaktieren Sie uns bitte per E-Mail an <a href=\"mailto:info@kudumija.hr\">info@kudumija.hr.<\/a><\/p>\n<p>[\/et_pb_text][\/et_pb_column][\/et_pb_row][\/et_pb_section]<\/p>\n","protected":false},"excerpt":{"rendered":"<p>www.kudumija.hr COOKIE &#8211; POLITIKEinf\u00fchrung Um Ihren Besuch auf unserer Webseite je besser zu gestalten, muss diese Webseite eine kleine Menge an Informationen, die sogenannten Cookies, auf Ihrem Computer speichern. Unter anderem sind die Cookies f\u00fcr das optimale Funktionieren der Webseite erforderlich. Zudem verwenden wir sie, um die Webseite zwecks Verbesserung Ihres Browsing-Erlebnisses weiterzuentwickeln. Durch Nutzung [&hellip;]<\/p>\n","protected":false},"author":1,"featured_media":0,"parent":0,"menu_order":0,"comment_status":"closed","ping_status":"closed","template":"","meta":{"_et_pb_use_builder":"on","_et_pb_old_content":"","_et_gb_content_width":"","footnotes":""},"class_list":["post-3095","page","type-page","status-publish","hentry"],"yoast_head":"<!-- This site is optimized with the Yoast SEO plugin v25.0 - https:\/\/yoast.com\/wordpress\/plugins\/seo\/ -->\n<title>Cookie - Politik - Kudumija d.o.o. - \u0160atori i monta\u017ene hale, cerade i tende, prodaja i najam<\/title>\n<meta name=\"robots\" content=\"index, follow, max-snippet:-1, max-image-preview:large, max-video-preview:-1\" \/>\n<link rel=\"canonical\" href=\"https:\/\/kudumija.hr\/de\/politika-kolacica\/\" \/>\n<meta property=\"og:locale\" content=\"de_DE\" \/>\n<meta property=\"og:type\" content=\"article\" \/>\n<meta property=\"og:title\" content=\"Cookie - Politik - Kudumija d.o.o. - \u0160atori i monta\u017ene hale, cerade i tende, prodaja i najam\" \/>\n<meta property=\"og:description\" content=\"www.kudumija.hr COOKIE - POLITIKEinf\u00fchrung Um Ihren Besuch auf unserer Webseite je besser zu gestalten, muss diese Webseite eine kleine Menge an Informationen, die sogenannten Cookies, auf Ihrem Computer speichern. Unter anderem sind die Cookies f\u00fcr das optimale Funktionieren der Webseite erforderlich. Zudem verwenden wir sie, um die Webseite zwecks Verbesserung Ihres Browsing-Erlebnisses weiterzuentwickeln. Durch Nutzung [&hellip;]\" \/>\n<meta property=\"og:url\" content=\"https:\/\/kudumija.hr\/politika-kolacica\/\" \/>\n<meta property=\"og:site_name\" content=\"Kudumija d.o.o. - \u0160atori i monta\u017ene hale, cerade i tende, prodaja i najam\" \/>\n<meta property=\"article:modified_time\" content=\"2021-04-14T18:21:35+00:00\" \/>\n<meta name=\"twitter:card\" content=\"summary_large_image\" \/>\n<meta name=\"twitter:label1\" content=\"Gesch\u00e4tzte Lesezeit\" \/>\n\t<meta name=\"twitter:data1\" content=\"4\u00a0Minuten\" \/>\n<script type=\"application\/ld+json\" class=\"yoast-schema-graph\">{\"@context\":\"https:\/\/schema.org\",\"@graph\":[{\"@type\":\"WebPage\",\"@id\":\"https:\/\/kudumija.hr\/politika-kolacica\/\",\"url\":\"https:\/\/kudumija.hr\/politika-kolacica\/\",\"name\":\"Cookie - Politik - Kudumija d.o.o. - \u0160atori i monta\u017ene hale, cerade i tende, prodaja i najam\",\"isPartOf\":{\"@id\":\"https:\/\/kudumija.hr\/#website\"},\"datePublished\":\"2021-04-14T18:14:31+00:00\",\"dateModified\":\"2021-04-14T18:21:35+00:00\",\"breadcrumb\":{\"@id\":\"https:\/\/kudumija.hr\/politika-kolacica\/#breadcrumb\"},\"inLanguage\":\"de\",\"potentialAction\":[{\"@type\":\"ReadAction\",\"target\":[\"https:\/\/kudumija.hr\/politika-kolacica\/\"]}]},{\"@type\":\"BreadcrumbList\",\"@id\":\"https:\/\/kudumija.hr\/politika-kolacica\/#breadcrumb\",\"itemListElement\":[{\"@type\":\"ListItem\",\"position\":1,\"name\":\"Home\",\"item\":\"https:\/\/kudumija.hr\/de\/\"},{\"@type\":\"ListItem\",\"position\":2,\"name\":\"Cookie &#8211; Politik\"}]},{\"@type\":\"WebSite\",\"@id\":\"https:\/\/kudumija.hr\/#website\",\"url\":\"https:\/\/kudumija.hr\/\",\"name\":\"Kudumija d.o.o. - \u0160atori i monta\u017ene hale, cerade i tende, prodaja i najam\",\"description\":\"\u0160atori i monta\u017ene hale, cerade i tende, prodaja i najam\",\"publisher\":{\"@id\":\"https:\/\/kudumija.hr\/#organization\"},\"potentialAction\":[{\"@type\":\"SearchAction\",\"target\":{\"@type\":\"EntryPoint\",\"urlTemplate\":\"https:\/\/kudumija.hr\/?s={search_term_string}\"},\"query-input\":{\"@type\":\"PropertyValueSpecification\",\"valueRequired\":true,\"valueName\":\"search_term_string\"}}],\"inLanguage\":\"de\"},{\"@type\":\"Organization\",\"@id\":\"https:\/\/kudumija.hr\/#organization\",\"name\":\"Kudumija d.o.o.\",\"url\":\"https:\/\/kudumija.hr\/\",\"logo\":{\"@type\":\"ImageObject\",\"inLanguage\":\"de\",\"@id\":\"https:\/\/kudumija.hr\/#\/schema\/logo\/image\/\",\"url\":\"https:\/\/kudumija.hr\/wp-content\/uploads\/2020\/08\/kudumija_logo.jpg\",\"contentUrl\":\"https:\/\/kudumija.hr\/wp-content\/uploads\/2020\/08\/kudumija_logo.jpg\",\"width\":262,\"height\":94,\"caption\":\"Kudumija d.o.o.\"},\"image\":{\"@id\":\"https:\/\/kudumija.hr\/#\/schema\/logo\/image\/\"}}]}<\/script>\n<!-- \/ Yoast SEO plugin. -->","yoast_head_json":{"title":"Cookie - Politik - Kudumija d.o.o. - \u0160atori i monta\u017ene hale, cerade i tende, prodaja i najam","robots":{"index":"index","follow":"follow","max-snippet":"max-snippet:-1","max-image-preview":"max-image-preview:large","max-video-preview":"max-video-preview:-1"},"canonical":"https:\/\/kudumija.hr\/de\/politika-kolacica\/","og_locale":"de_DE","og_type":"article","og_title":"Cookie - Politik - Kudumija d.o.o. - \u0160atori i monta\u017ene hale, cerade i tende, prodaja i najam","og_description":"www.kudumija.hr COOKIE - POLITIKEinf\u00fchrung Um Ihren Besuch auf unserer Webseite je besser zu gestalten, muss diese Webseite eine kleine Menge an Informationen, die sogenannten Cookies, auf Ihrem Computer speichern. Unter anderem sind die Cookies f\u00fcr das optimale Funktionieren der Webseite erforderlich. Zudem verwenden wir sie, um die Webseite zwecks Verbesserung Ihres Browsing-Erlebnisses weiterzuentwickeln. Durch Nutzung [&hellip;]","og_url":"https:\/\/kudumija.hr\/politika-kolacica\/","og_site_name":"Kudumija d.o.o. - \u0160atori i monta\u017ene hale, cerade i tende, prodaja i najam","article_modified_time":"2021-04-14T18:21:35+00:00","twitter_card":"summary_large_image","twitter_misc":{"Gesch\u00e4tzte Lesezeit":"4\u00a0Minuten"},"schema":{"@context":"https:\/\/schema.org","@graph":[{"@type":"WebPage","@id":"https:\/\/kudumija.hr\/politika-kolacica\/","url":"https:\/\/kudumija.hr\/politika-kolacica\/","name":"Cookie - Politik - Kudumija d.o.o. - \u0160atori i monta\u017ene hale, cerade i tende, prodaja i najam","isPartOf":{"@id":"https:\/\/kudumija.hr\/#website"},"datePublished":"2021-04-14T18:14:31+00:00","dateModified":"2021-04-14T18:21:35+00:00","breadcrumb":{"@id":"https:\/\/kudumija.hr\/politika-kolacica\/#breadcrumb"},"inLanguage":"de","potentialAction":[{"@type":"ReadAction","target":["https:\/\/kudumija.hr\/politika-kolacica\/"]}]},{"@type":"BreadcrumbList","@id":"https:\/\/kudumija.hr\/politika-kolacica\/#breadcrumb","itemListElement":[{"@type":"ListItem","position":1,"name":"Home","item":"https:\/\/kudumija.hr\/de\/"},{"@type":"ListItem","position":2,"name":"Cookie &#8211; Politik"}]},{"@type":"WebSite","@id":"https:\/\/kudumija.hr\/#website","url":"https:\/\/kudumija.hr\/","name":"Kudumija d.o.o. - \u0160atori i monta\u017ene hale, cerade i tende, prodaja i najam","description":"\u0160atori i monta\u017ene hale, cerade i tende, prodaja i najam","publisher":{"@id":"https:\/\/kudumija.hr\/#organization"},"potentialAction":[{"@type":"SearchAction","target":{"@type":"EntryPoint","urlTemplate":"https:\/\/kudumija.hr\/?s={search_term_string}"},"query-input":{"@type":"PropertyValueSpecification","valueRequired":true,"valueName":"search_term_string"}}],"inLanguage":"de"},{"@type":"Organization","@id":"https:\/\/kudumija.hr\/#organization","name":"Kudumija d.o.o.","url":"https:\/\/kudumija.hr\/","logo":{"@type":"ImageObject","inLanguage":"de","@id":"https:\/\/kudumija.hr\/#\/schema\/logo\/image\/","url":"https:\/\/kudumija.hr\/wp-content\/uploads\/2020\/08\/kudumija_logo.jpg","contentUrl":"https:\/\/kudumija.hr\/wp-content\/uploads\/2020\/08\/kudumija_logo.jpg","width":262,"height":94,"caption":"Kudumija d.o.o."},"image":{"@id":"https:\/\/kudumija.hr\/#\/schema\/logo\/image\/"}}]}},"_links":{"self":[{"href":"https:\/\/kudumija.hr\/de\/wp-json\/wp\/v2\/pages\/3095","targetHints":{"allow":["GET"]}}],"collection":[{"href":"https:\/\/kudumija.hr\/de\/wp-json\/wp\/v2\/pages"}],"about":[{"href":"https:\/\/kudumija.hr\/de\/wp-json\/wp\/v2\/types\/page"}],"author":[{"embeddable":true,"href":"https:\/\/kudumija.hr\/de\/wp-json\/wp\/v2\/users\/1"}],"replies":[{"embeddable":true,"href":"https:\/\/kudumija.hr\/de\/wp-json\/wp\/v2\/comments?post=3095"}],"version-history":[{"count":2,"href":"https:\/\/kudumija.hr\/de\/wp-json\/wp\/v2\/pages\/3095\/revisions"}],"predecessor-version":[{"id":3098,"href":"https:\/\/kudumija.hr\/de\/wp-json\/wp\/v2\/pages\/3095\/revisions\/3098"}],"wp:attachment":[{"href":"https:\/\/kudumija.hr\/de\/wp-json\/wp\/v2\/media?parent=3095"}],"curies":[{"name":"wp","href":"https:\/\/api.w.org\/{rel}","templated":true}]}}